{"id":2083,"date":"2020-12-09T16:12:28","date_gmt":"2020-12-09T15:12:28","guid":{"rendered":"http:\/\/giuliettaeromeo.eu\/?page_id=2083"},"modified":"2021-04-07T16:12:10","modified_gmt":"2021-04-07T14:12:10","slug":"privacy","status":"publish","type":"page","link":"https:\/\/giuliettaeromeo.eu\/?page_id=2083","title":{"rendered":"Privacy"},"content":{"rendered":"\n<div style=\"height:40px\" aria-hidden=\"true\" class=\"wp-block-spacer\"><\/div>\n\n\n\n<h2 class=\"wp-block-heading\"><strong>Informativa al trattamento dei dati ex artt.13 e 23 del d.lgs. n. 196\/2003<\/strong><\/h2>\n\n\n\n<p>La informiamo, ai sensi dell&#8217;art. 13 del D. Lgs 30 giugno 2003, n. 196 (recante il &#8220;Codice in materia di protezione dei dati personali&#8221; ), che i dati personali forniti al sito &#8220;Giulietta e Romeo Tessuti&#8221;&nbsp;saranno raccolti e registrati dai&nbsp;titolare del trattamento su supporti elettronici e\/o informatici e\/o telematici protetti e trattati con modalit\u00e0 idonee a garantire la sicurezza e la riservatezza nel rispetto delle disposizioni del &#8220;Codice in materia di protezione dei dati personali&#8221;.<\/p>\n\n\n\n<p>La informiamo che i dati forniti verranno utilizzati per finalit\u00e0 strettamente connesse e strumentali alla fruizione del sito. Tali dati potranno essere memorizzati per il tempo necessario alla gestione delle Sue attivit\u00e0 sulla piattaforma anche per i futuri accessi.<\/p>\n\n\n\n<p>I dati che vengono conferiti sono limitati all\u2019indirizzo e-mail ed al nome e cognome e sono obbligatori per quanto concerne i form di contatto, non ne \u00e8 prevista l\u2019aggregazione o selezione in specifiche banche dati. Eventuali trattamenti a fini statistici che in futuro possa essere intenzione del sito eseguire saranno condotti esclusivamente su base anonima.<\/p>\n\n\n\n<p>La informiamo che potr\u00e0 esercitare i diritti previsti dall&#8217;art. 7 e seg. del D. Lgs n. 196\/2003 (tra cui, a mero titolo esemplificativo, i diritti di ottenere la conferma dell&#8217;esistenza di dati che la riguardano e la loro comunicazione in forma intelligibile, la indicazione dell&#8217;origine dei dati, delle finalit\u00e0 e modalit\u00e0 di trattamento, l&#8217;aggiornamento, la rettificazione o l&#8217;integrazione dei dati, la cancellazione, la trasformazione in forma anonima o il blocco dei dati personali trattati in violazione di legge, e il diritto di opporsi, in tutto o in parte, al relativo utilizzo) mediante richiesta rivolta senza formalit\u00e0 al Titolare del trattamento dei dati all&#8217;indirizzo mail <a href=\"mailto:info@giuliettaromeotessuti.com\">info@giuliettaromeotessuti.com<\/a><\/p>\n\n\n\n<p><strong>Informativa in materia di cookie<\/strong><\/p>\n\n\n\n<p>Informativa ai sensi dell\u2019art. 13 del D. Lgs 196\/2003 (Codice in materia di protezione dei dati personali) Con il presente documento,\u00a0Giulietta Gozzano, titolare del trattamento, ai sensi<br>degli artt. 13 e 122 del D. Lgs. 196\/2003 (\u201ccodice privacy\u201d), nonch\u00e9 in base a quanto previsto dal Provvedimento generale del Garante privacy dell\u20198 maggio 2014, fornisce agli utenti del sito web <a href=\"http:\/\/www.giuliettaromeotessuti.com\" target=\"_blank\" rel=\"noreferrer noopener\">www.giuliettaeromeo.eu<\/a> e del sito web <a href=\"https:\/\/www.giuliettaromeotessuti.com\">www.giuliettaromeotessuti.com<\/a> alcune informazioni relative ai cookie utilizzati.<\/p>\n\n\n\n<p><strong>Cosa sono i cookie<\/strong><\/p>\n\n\n\n<p>Un \u201ccookie\u201d \u00e8 un piccolo file di testo creato sul computer dell\u2019utente al momento in cui questo accede ad un determinato sito, con lo scopo di immagazzinare e trasportare informazioni.<br>I cookie sono inviati da un server web (che \u00e8 il computer sul quale \u00e8 in esecuzione il sito web visitato) al browser dell\u2019utente (Internet Explorer, Mozilla Firefox, Google Chrome,<br>ecc.) e memorizzati sul computer di quest\u2019ultimo; vengono, quindi, re-inviati al sito web al momento delle visite successive.<br>Nel corso della navigazione l\u2019utente potrebbe ricevere sul suo terminale anche cookie di siti diversi (c.d. cookies di \u201cterze parti\u201d), impostati direttamente da gestori di detti siti web e utilizzati per le finalit\u00e0 e secondo le modalit\u00e0 da questi definiti.<\/p>\n\n\n\n<p><strong>Cookie utilizzati nel sito<\/strong><\/p>\n\n\n\n<p>Cookie del Titolare<br>Il sito utilizza solo cookie tecnici, rispetto ai quali, ai sensi dell\u2019art. 122 del codice privacy e del Provvedimento del Garante dell\u20198 maggio 2014, non \u00e8 richiesto alcun consenso da parte<br>dell\u2019interessato.<\/p>\n\n\n\n<p>Pi\u00f9 precisamente il sito utilizza:<br>\u2013 cookie tecnici strettamente necessari per consentire la navigazione da parte dell\u2019utente, in assenza dei quali il sito web non potrebbe funzionare correttamente.<\/p>\n\n\n\n<p>\u2013 cookie tecnici funzionali, che agevolano la navigazione dell\u2019utente, la cui disattivazione \u00e8 possibile tramite le modalit\u00e0 descritte e rese disponibili mediante la presente informativa, e precisamente:<\/p>\n\n\n\n<p><strong>Google Analytics<\/strong><\/p>\n\n\n\n<p>Il Sito utilizza Google Analytics.<br>Si tratta di un servizio di analisi web fornito da Google Inc. (\u201cGoogle\u201d) che utilizza dei cookie che vengono depositati sul computer dell\u2019utente per consentire analisi statistiche in forma aggregata in ordine all\u2019utilizzo del sito web visitato.<br>I Dati generati da Google Analytics sono conservati da Google cos\u00ec come indicato nella<br>Informativa reperibile al seguente link:<br><a href=\"https:\/\/developers.google.com\/analytics\/devguides\/collection\/analyticsjs\/cookie-usage\" target=\"_blank\" rel=\"noreferrer noopener\">https:\/\/developers.google.com\/analytics\/devguides\/collection\/analyticsjs\/cookie-usage<\/a><br>Per consultare l\u2019informativa privacy della societ\u00e0 Google Inc., si rinvia al seguente sito Internet:<br><a href=\"http:\/\/www.google.com\/intl\/en\/analytics\/privacyoverview.html\" target=\"_blank\" rel=\"noreferrer noopener\">http:\/\/www.google.com\/intl\/en\/analytics\/privacyoverview.html<\/a><\/p>\n\n\n\n<p><strong>Modalit\u00e0 del trattamento<\/strong><\/p>\n\n\n\n<p>Il trattamento viene effettuato con strumenti automatizzati dal Titolare. Non viene effettuata alcuna diffusione o comunicazione.<\/p>\n\n\n\n<p><strong>Conferimento dei cookie<\/strong><\/p>\n\n\n\n<p>Fatta eccezione per i cookie tecnici strettamente necessari alla normale navigazione, l\u2019interessato pu\u00f2 evitare l\u2019installazione dei cookie attraverso apposite funzioni disponibili sul proprio browser.<\/p>\n\n\n\n<p><strong>Disabilitazione dei cookie<\/strong><\/p>\n\n\n\n<p>Fermo restando quanto sopra indicato in ordine ai cookie strettamente necessari alla navigazione, l\u2019utente pu\u00f2 eliminare gli altri cookie attraverso la funzionalit\u00e0 a tal fine messa a<br>disposizione dal Titolare tramite la presente informativa oppure direttamente tramite il proprio browser.<br>Ciascun browser presenta procedure diverse per la gestione delle impostazioni.<br>L\u2019utente pu\u00f2 ottenere istruzioni specifiche attraverso i link sottostanti.<\/p>\n\n\n\n<p>\u2013 Microsoft Windows Explorer:&nbsp;<a href=\"https:\/\/support.microsoft.com\/en-us\/kb\/278835\/it\" target=\"_blank\" rel=\"noreferrer noopener\">https:\/\/support.microsoft.com\/en-us\/kb\/278835\/it<\/a><br>\u2013 Google Chrome:&nbsp;<a href=\"https:\/\/support.google.com\/accounts\/answer\/32050?hl=it\" target=\"_blank\" rel=\"noreferrer noopener\">https:\/\/support.google.com\/accounts\/answer\/32050?hl=it<\/a><br>\u2013 Mozilla Firefox:&nbsp;<a href=\"https:\/\/support.mozilla.org\/it\/kb\/Eliminare%20i%20cookie\" target=\"_blank\" rel=\"noreferrer noopener\">https:\/\/support.mozilla.org\/it\/kb\/Eliminare%20i%20cookie<\/a><br>\u2013 Apple Safari:&nbsp;<a href=\"https:\/\/support.apple.com\/it-it\/HT201265\" target=\"_blank\" rel=\"noreferrer noopener\">https:\/\/support.apple.com\/it-it\/HT201265<\/a><\/p>\n\n\n\n<p>La disattivazione dei cookie di terze parti \u00e8 inoltre possibile attraverso le modalit\u00e0 rese disponibili direttamente dalla societ\u00e0 terza titolare per detto trattamento.<\/p>\n\n\n\n<p><strong>Diritti degli interessati<\/strong><\/p>\n\n\n\n<p>I soggetti cui si riferiscono i dati personali, ai sensi e per gli effetti dell\u2019art. 7 del D.Lgs. n.196\/2003, hanno il diritto in qualunque momento di ottenere la conferma dell\u2019esistenza o<br>meno dei medesimi dati e di conoscerne il contenuto e l\u2019origine, verificarne l\u2019esattezza o chiedere di integrarli, aggiornarli, oppure rettificarli. I soggetti cui si riferiscono i dati personali hanno, inoltre, il diritto di chiedere la cancellazione, la trasformazione in forma anonima o il blocco dei dati trattati in violazione di legge, nonch\u00e9 di opporsi in ogni caso, per motivi legittimi, al loro trattamento.<\/p>\n\n\n\n<p>Le richieste relative all\u2019art. 7 del D.Lgs. n.196\/2003 devono essere rivolte all\u2019indirizzo email:<a href=\"mailto:info@giuliettaromeotessuti.com\"> info@giuliettaromeotessuti.com<\/a><\/p>\n\n\n\n<p><strong>TITOLARE<\/strong><br>Titolare dei trattamenti di dati personali \u00e8&nbsp;Giulietta Gozzano.<\/p>\n","protected":false},"excerpt":{"rendered":"<p>Informativa al trattamento dei dati ex artt.13 e 23 del d.lgs. n. 196\/2003 La informiamo, ai sensi dell&#8217;art. 13 del D. Lgs 30 giugno 2003, n. 196 (recante il &#8220;Codice in materia di protezione dei dati personali&#8221; ), che i dati personali forniti al sito &#8220;Giulietta e Romeo Tessuti&#8221;&nbsp;saranno raccolti e registrati dai&nbsp;titolare del trattamento &hellip;<\/p>\n<p class=\"read-more\"> <a class=\"\" href=\"https:\/\/giuliettaeromeo.eu\/?page_id=2083\"> <span class=\"screen-reader-text\">Privacy<\/span> Leggi altro &raquo;<\/a><\/p>\n","protected":false},"author":1,"featured_media":0,"parent":0,"menu_order":0,"comment_status":"closed","ping_status":"closed","template":"","meta":{"footnotes":""},"yoast_head":"<!-- This site is optimized with the Yoast SEO plugin v22.3 - https:\/\/yoast.com\/wordpress\/plugins\/seo\/ -->\n<title>Privacy - giulietta e romeo<\/title>\n<meta name=\"robots\" content=\"index, follow, max-snippet:-1, max-image-preview:large, max-video-preview:-1\" \/>\n<link rel=\"canonical\" href=\"https:\/\/giuliettaeromeo.eu\/?page_id=2083\" \/>\n<meta property=\"og:locale\" content=\"it_IT\" \/>\n<meta property=\"og:type\" content=\"article\" \/>\n<meta property=\"og:title\" content=\"Privacy - giulietta e romeo\" \/>\n<meta property=\"og:description\" content=\"Informativa al trattamento dei dati ex artt.13 e 23 del d.lgs. n. 196\/2003 La informiamo, ai sensi dell&#8217;art. 13 del D. Lgs 30 giugno 2003, n. 196 (recante il &#8220;Codice in materia di protezione dei dati personali&#8221; ), che i dati personali forniti al sito &#8220;Giulietta e Romeo Tessuti&#8221;&nbsp;saranno raccolti e registrati dai&nbsp;titolare del trattamento &hellip; Privacy Leggi altro &raquo;\" \/>\n<meta property=\"og:url\" content=\"https:\/\/giuliettaeromeo.eu\/?page_id=2083\" \/>\n<meta property=\"og:site_name\" content=\"giulietta e romeo\" \/>\n<meta property=\"article:modified_time\" content=\"2021-04-07T14:12:10+00:00\" \/>\n<meta name=\"twitter:card\" content=\"summary_large_image\" \/>\n<meta name=\"twitter:label1\" content=\"Tempo di lettura stimato\" \/>\n\t<meta name=\"twitter:data1\" content=\"5 minuti\" \/>\n<script type=\"application\/ld+json\" class=\"yoast-schema-graph\">{\"@context\":\"https:\/\/schema.org\",\"@graph\":[{\"@type\":\"WebPage\",\"@id\":\"https:\/\/giuliettaeromeo.eu\/?page_id=2083\",\"url\":\"https:\/\/giuliettaeromeo.eu\/?page_id=2083\",\"name\":\"Privacy - giulietta e romeo\",\"isPartOf\":{\"@id\":\"https:\/\/giuliettaeromeo.eu\/#website\"},\"datePublished\":\"2020-12-09T15:12:28+00:00\",\"dateModified\":\"2021-04-07T14:12:10+00:00\",\"breadcrumb\":{\"@id\":\"https:\/\/giuliettaeromeo.eu\/?page_id=2083#breadcrumb\"},\"inLanguage\":\"it-IT\",\"potentialAction\":[{\"@type\":\"ReadAction\",\"target\":[\"https:\/\/giuliettaeromeo.eu\/?page_id=2083\"]}]},{\"@type\":\"BreadcrumbList\",\"@id\":\"https:\/\/giuliettaeromeo.eu\/?page_id=2083#breadcrumb\",\"itemListElement\":[{\"@type\":\"ListItem\",\"position\":1,\"name\":\"Home\",\"item\":\"https:\/\/giuliettaeromeo.eu\/\"},{\"@type\":\"ListItem\",\"position\":2,\"name\":\"Privacy\"}]},{\"@type\":\"WebSite\",\"@id\":\"https:\/\/giuliettaeromeo.eu\/#website\",\"url\":\"https:\/\/giuliettaeromeo.eu\/\",\"name\":\"giulietta e romeo\",\"description\":\"giulietta e romeo creazione e vendita tessuti artistici\",\"publisher\":{\"@id\":\"https:\/\/giuliettaeromeo.eu\/#organization\"},\"potentialAction\":[{\"@type\":\"SearchAction\",\"target\":{\"@type\":\"EntryPoint\",\"urlTemplate\":\"https:\/\/giuliettaeromeo.eu\/?s={search_term_string}\"},\"query-input\":\"required name=search_term_string\"}],\"inLanguage\":\"it-IT\"},{\"@type\":\"Organization\",\"@id\":\"https:\/\/giuliettaeromeo.eu\/#organization\",\"name\":\"giulietta e romeo\",\"url\":\"https:\/\/giuliettaeromeo.eu\/\",\"logo\":{\"@type\":\"ImageObject\",\"inLanguage\":\"it-IT\",\"@id\":\"https:\/\/giuliettaeromeo.eu\/#\/schema\/logo\/image\/\",\"url\":\"https:\/\/giuliettaeromeo.eu\/wp-content\/uploads\/2020\/11\/cropped-GRLOGO_rev_004.png\",\"contentUrl\":\"https:\/\/giuliettaeromeo.eu\/wp-content\/uploads\/2020\/11\/cropped-GRLOGO_rev_004.png\",\"width\":520,\"height\":137,\"caption\":\"giulietta e romeo\"},\"image\":{\"@id\":\"https:\/\/giuliettaeromeo.eu\/#\/schema\/logo\/image\/\"}}]}<\/script>\n<!-- \/ Yoast SEO plugin. -->","yoast_head_json":{"title":"Privacy - giulietta e romeo","robots":{"index":"index","follow":"follow","max-snippet":"max-snippet:-1","max-image-preview":"max-image-preview:large","max-video-preview":"max-video-preview:-1"},"canonical":"https:\/\/giuliettaeromeo.eu\/?page_id=2083","og_locale":"it_IT","og_type":"article","og_title":"Privacy - giulietta e romeo","og_description":"Informativa al trattamento dei dati ex artt.13 e 23 del d.lgs. n. 196\/2003 La informiamo, ai sensi dell&#8217;art. 13 del D. Lgs 30 giugno 2003, n. 196 (recante il &#8220;Codice in materia di protezione dei dati personali&#8221; ), che i dati personali forniti al sito &#8220;Giulietta e Romeo Tessuti&#8221;&nbsp;saranno raccolti e registrati dai&nbsp;titolare del trattamento &hellip; Privacy Leggi altro &raquo;","og_url":"https:\/\/giuliettaeromeo.eu\/?page_id=2083","og_site_name":"giulietta e romeo","article_modified_time":"2021-04-07T14:12:10+00:00","twitter_card":"summary_large_image","twitter_misc":{"Tempo di lettura stimato":"5 minuti"},"schema":{"@context":"https:\/\/schema.org","@graph":[{"@type":"WebPage","@id":"https:\/\/giuliettaeromeo.eu\/?page_id=2083","url":"https:\/\/giuliettaeromeo.eu\/?page_id=2083","name":"Privacy - giulietta e romeo","isPartOf":{"@id":"https:\/\/giuliettaeromeo.eu\/#website"},"datePublished":"2020-12-09T15:12:28+00:00","dateModified":"2021-04-07T14:12:10+00:00","breadcrumb":{"@id":"https:\/\/giuliettaeromeo.eu\/?page_id=2083#breadcrumb"},"inLanguage":"it-IT","potentialAction":[{"@type":"ReadAction","target":["https:\/\/giuliettaeromeo.eu\/?page_id=2083"]}]},{"@type":"BreadcrumbList","@id":"https:\/\/giuliettaeromeo.eu\/?page_id=2083#breadcrumb","itemListElement":[{"@type":"ListItem","position":1,"name":"Home","item":"https:\/\/giuliettaeromeo.eu\/"},{"@type":"ListItem","position":2,"name":"Privacy"}]},{"@type":"WebSite","@id":"https:\/\/giuliettaeromeo.eu\/#website","url":"https:\/\/giuliettaeromeo.eu\/","name":"giulietta e romeo","description":"giulietta e romeo creazione e vendita tessuti artistici","publisher":{"@id":"https:\/\/giuliettaeromeo.eu\/#organization"},"potentialAction":[{"@type":"SearchAction","target":{"@type":"EntryPoint","urlTemplate":"https:\/\/giuliettaeromeo.eu\/?s={search_term_string}"},"query-input":"required name=search_term_string"}],"inLanguage":"it-IT"},{"@type":"Organization","@id":"https:\/\/giuliettaeromeo.eu\/#organization","name":"giulietta e romeo","url":"https:\/\/giuliettaeromeo.eu\/","logo":{"@type":"ImageObject","inLanguage":"it-IT","@id":"https:\/\/giuliettaeromeo.eu\/#\/schema\/logo\/image\/","url":"https:\/\/giuliettaeromeo.eu\/wp-content\/uploads\/2020\/11\/cropped-GRLOGO_rev_004.png","contentUrl":"https:\/\/giuliettaeromeo.eu\/wp-content\/uploads\/2020\/11\/cropped-GRLOGO_rev_004.png","width":520,"height":137,"caption":"giulietta e romeo"},"image":{"@id":"https:\/\/giuliettaeromeo.eu\/#\/schema\/logo\/image\/"}}]}},"_links":{"self":[{"href":"https:\/\/giuliettaeromeo.eu\/index.php?rest_route=\/wp\/v2\/pages\/2083"}],"collection":[{"href":"https:\/\/giuliettaeromeo.eu\/index.php?rest_route=\/wp\/v2\/pages"}],"about":[{"href":"https:\/\/giuliettaeromeo.eu\/index.php?rest_route=\/wp\/v2\/types\/page"}],"author":[{"embeddable":true,"href":"https:\/\/giuliettaeromeo.eu\/index.php?rest_route=\/wp\/v2\/users\/1"}],"replies":[{"embeddable":true,"href":"https:\/\/giuliettaeromeo.eu\/index.php?rest_route=%2Fwp%2Fv2%2Fcomments&post=2083"}],"version-history":[{"count":10,"href":"https:\/\/giuliettaeromeo.eu\/index.php?rest_route=\/wp\/v2\/pages\/2083\/revisions"}],"predecessor-version":[{"id":2573,"href":"https:\/\/giuliettaeromeo.eu\/index.php?rest_route=\/wp\/v2\/pages\/2083\/revisions\/2573"}],"wp:attachment":[{"href":"https:\/\/giuliettaeromeo.eu\/index.php?rest_route=%2Fwp%2Fv2%2Fmedia&parent=2083"}],"curies":[{"name":"wp","href":"https:\/\/api.w.org\/{rel}","templated":true}]}}